{"id":43,"date":"2025-07-11T10:19:58","date_gmt":"2025-07-11T10:19:58","guid":{"rendered":"https:\/\/familiewelpenhaus.com\/about\/"},"modified":"2025-07-12T14:36:08","modified_gmt":"2025-07-12T14:36:08","slug":"about-us","status":"publish","type":"page","link":"https:\/\/familiewelpenhaus.com\/en\/about-us\/","title":{"rendered":"About Us"},"content":{"rendered":"<div data-elementor-type=\"wp-post\" data-elementor-id=\"43\" class=\"elementor elementor-43\" data-elementor-post-type=\"page\">\n\t\t\t\t<div class=\"elementor-element elementor-element-98746ab e-flex e-con-boxed e-con e-parent\" data-id=\"98746ab\" data-element_type=\"container\" data-e-type=\"container\" data-settings=\"{&quot;background_background&quot;:&quot;classic&quot;,&quot;shape_divider_bottom&quot;:&quot;waves&quot;}\">\n\t\t\t\t\t<div class=\"e-con-inner\">\n\t\t\t\t<div class=\"elementor-shape elementor-shape-bottom\" aria-hidden=\"true\" data-negative=\"false\">\n\t\t\t<svg xmlns=\"http:\/\/www.w3.org\/2000\/svg\" viewbox=\"0 0 1000 100\" preserveaspectratio=\"none\">\n\t<path class=\"elementor-shape-fill\" d=\"M421.9,6.5c22.6-2.5,51.5,0.4,75.5,5.3c23.6,4.9,70.9,23.5,100.5,35.7c75.8,32.2,133.7,44.5,192.6,49.7\tc23.6,2.1,48.7,3.5,103.4-2.5c54.7-6,106.2-25.6,106.2-25.6V0H0v30.3c0,0,72,32.6,158.4,30.5c39.2-0.7,92.8-6.7,134-22.4\tc21.2-8.1,52.2-18.2,79.7-24.2C399.3,7.9,411.6,7.5,421.9,6.5z\"\/>\n<\/svg>\t\t<\/div>\n\t\t<div class=\"elementor-element elementor-element-8e5ebfd e-con-full e-flex e-con e-child\" data-id=\"8e5ebfd\" data-element_type=\"container\" data-e-type=\"container\">\n\t\t\t\t<div class=\"elementor-element elementor-element-299f7e7 elementor-widget elementor-widget-heading\" data-id=\"299f7e7\" data-element_type=\"widget\" data-e-type=\"widget\" data-widget_type=\"heading.default\">\n\t\t\t\t<div class=\"elementor-widget-container\">\n\t\t\t\t\t<h1 class=\"elementor-heading-title elementor-size-default\">About Us<\/h1>\t\t\t\t<\/div>\n\t\t\t\t<\/div>\n\t\t\t\t<\/div>\n\t\t\t\t\t<\/div>\n\t\t\t\t<\/div>\n\t\t<div class=\"elementor-element elementor-element-5fafae0 e-flex e-con-boxed e-con e-parent\" data-id=\"5fafae0\" data-element_type=\"container\" data-e-type=\"container\" data-settings=\"{&quot;background_background&quot;:&quot;classic&quot;}\">\n\t\t\t\t\t<div class=\"e-con-inner\">\n\t\t<div class=\"elementor-element elementor-element-925aeee e-con-full e-flex e-con e-child\" data-id=\"925aeee\" data-element_type=\"container\" data-e-type=\"container\">\n\t\t\t\t<div class=\"elementor-element elementor-element-f2c5167 elementor-widget elementor-widget-image\" data-id=\"f2c5167\" data-element_type=\"widget\" data-e-type=\"widget\" data-widget_type=\"image.default\">\n\t\t\t\t<div class=\"elementor-widget-container\">\n\t\t\t\t\t\t\t\t\t\t\t\t\t\t\t<img fetchpriority=\"high\" decoding=\"async\" width=\"407\" height=\"611\" src=\"https:\/\/familiewelpenhaus.com\/wp-content\/uploads\/2025\/07\/Screen-Shot-2022-05-14-at-11.00.04-am-edited.jpg\" class=\"attachment-large size-large wp-image-2154\" alt=\"screen shot 2022 05 14 at 11.00.04 am edited\" srcset=\"https:\/\/familiewelpenhaus.com\/wp-content\/uploads\/2025\/07\/Screen-Shot-2022-05-14-at-11.00.04-am-edited.jpg 407w, https:\/\/familiewelpenhaus.com\/wp-content\/uploads\/2025\/07\/Screen-Shot-2022-05-14-at-11.00.04-am-edited-200x300.jpg 200w\" sizes=\"(max-width: 407px) 100vw, 407px\" title=\"About Us\">\t\t\t\t\t\t\t\t\t\t\t\t\t\t\t<\/div>\n\t\t\t\t<\/div>\n\t\t\t\t<\/div>\n\t\t<div class=\"elementor-element elementor-element-23cb408 e-con-full e-flex e-con e-child\" data-id=\"23cb408\" data-element_type=\"container\" data-e-type=\"container\">\n\t\t\t\t<div class=\"elementor-element elementor-element-16d2b38 elementor-widget elementor-widget-heading\" data-id=\"16d2b38\" data-element_type=\"widget\" data-e-type=\"widget\" data-widget_type=\"heading.default\">\n\t\t\t\t<div class=\"elementor-widget-container\">\n\t\t\t\t\t<h2 class=\"elementor-heading-title elementor-size-default\">Who we are<\/h2>\t\t\t\t<\/div>\n\t\t\t\t<\/div>\n\t\t\t\t<div class=\"elementor-element elementor-element-e36732a elementor-widget elementor-widget-heading\" data-id=\"e36732a\" data-element_type=\"widget\" data-e-type=\"widget\" data-widget_type=\"heading.default\">\n\t\t\t\t<div class=\"elementor-widget-container\">\n\t\t\t\t\t<p class=\"elementor-heading-title elementor-size-default\">We are a small family-run dog breeding business and lovingly care for our beautiful dogs and puppies.<\/p>\t\t\t\t<\/div>\n\t\t\t\t<\/div>\n\t\t\t\t<div class=\"elementor-element elementor-element-b988865 elementor-widget elementor-widget-text-editor\" data-id=\"b988865\" data-element_type=\"widget\" data-e-type=\"widget\" data-widget_type=\"text-editor.default\">\n\t\t\t\t<div class=\"elementor-widget-container\">\n\t\t\t\t\t\t\t\t\t<p>We founded our small business as dog lovers like you and are constantly striving to find the best breeding dogs, with the goal of providing our loving community with the healthiest and happiest puppies imaginable.<\/p><p>We take the health of our dogs and puppies very seriously and use state-of-the-art scientific methods to ensure a healthy litter.<\/p>\t\t\t\t\t\t\t\t<\/div>\n\t\t\t\t<\/div>\n\t\t\t\t<div class=\"elementor-element elementor-element-69008e6 elementor-widget elementor-widget-text-editor\" data-id=\"69008e6\" data-element_type=\"widget\" data-e-type=\"widget\" data-widget_type=\"text-editor.default\">\n\t\t\t\t<div class=\"elementor-widget-container\">\n\t\t\t\t\t\t\t\t\t<p>The care we provide for our dogs and puppies is top-notch. As part of our family, we treat every dog \u200b\u200blike one of our own. Our socialization program ensures constant contact with our family throughout the day: long daily play and training sessions with other breeding dogs, and plenty of cuddles and hugs, especially from our younger family members!<\/p><p>We want them to feel loved and cared for at all times. They constantly give us love and joy, so we give it back to them in abundance!<\/p>\t\t\t\t\t\t\t\t<\/div>\n\t\t\t\t<\/div>\n\t\t\t\t<\/div>\n\t\t\t\t\t<\/div>\n\t\t\t\t<\/div>\n\t\t<div class=\"elementor-element elementor-element-2fc5aa8 e-flex e-con-boxed e-con e-parent\" data-id=\"2fc5aa8\" data-element_type=\"container\" data-e-type=\"container\" data-settings=\"{&quot;background_background&quot;:&quot;classic&quot;}\">\n\t\t\t\t\t<div class=\"e-con-inner\">\n\t\t<div class=\"elementor-element elementor-element-e096db2 e-con-full e-flex e-con e-child\" data-id=\"e096db2\" data-element_type=\"container\" data-e-type=\"container\">\n\t\t\t\t<div class=\"elementor-element elementor-element-64be5c0 elementor-widget elementor-widget-image-box\" data-id=\"64be5c0\" data-element_type=\"widget\" data-e-type=\"widget\" data-widget_type=\"image-box.default\">\n\t\t\t\t<div class=\"elementor-widget-container\">\n\t\t\t\t\t<div class=\"elementor-image-box-wrapper\"><div class=\"elementor-image-box-content\"><h2 class=\"elementor-image-box-title\">Get the best out of our puppies<\/h2><p class=\"elementor-image-box-description\">Our puppies are raised in loving homes \u2013 and we don't just mean our own. We make sure they go to families who will love them as much as we do! We breed only healthy, happy puppies who have been vaccinated and dewormed according to schedule. All our puppies come with a registration certificate. Furthermore, we offer all our customers a lifetime reproductive guarantee.<\/p><\/div><\/div>\t\t\t\t<\/div>\n\t\t\t\t<\/div>\n\t\t\t\t<\/div>\n\t\t\t\t\t<\/div>\n\t\t\t\t<\/div>\n\t\t<div class=\"elementor-element elementor-element-4bf9c43 e-flex e-con-boxed e-con e-parent\" data-id=\"4bf9c43\" data-element_type=\"container\" data-e-type=\"container\" data-settings=\"{&quot;background_background&quot;:&quot;classic&quot;}\">\n\t\t\t\t\t<div class=\"e-con-inner\">\n\t\t<div class=\"elementor-element elementor-element-07cf1b5 e-con-full e-flex e-con e-child\" data-id=\"07cf1b5\" data-element_type=\"container\" data-e-type=\"container\" data-settings=\"{&quot;background_background&quot;:&quot;classic&quot;}\">\n\t\t\t\t<div class=\"elementor-element elementor-element-3bf4fae elementor-widget elementor-widget-image\" data-id=\"3bf4fae\" data-element_type=\"widget\" data-e-type=\"widget\" data-widget_type=\"image.default\">\n\t\t\t\t<div class=\"elementor-widget-container\">\n\t\t\t\t\t\t\t\t\t\t\t\t\t\t\t<img decoding=\"async\" width=\"720\" height=\"720\" src=\"https:\/\/familiewelpenhaus.com\/wp-content\/uploads\/2025\/07\/85ea4a20f28a34b52c6a36b5dcedadf6_720x720_fit.jpg\" class=\"attachment-large size-large wp-image-2155\" alt=\"85ea4a20f28a34b52c6a36b5dcedadf6 720x720 fit\" srcset=\"https:\/\/familiewelpenhaus.com\/wp-content\/uploads\/2025\/07\/85ea4a20f28a34b52c6a36b5dcedadf6_720x720_fit.jpg 720w, https:\/\/familiewelpenhaus.com\/wp-content\/uploads\/2025\/07\/85ea4a20f28a34b52c6a36b5dcedadf6_720x720_fit-300x300.jpg 300w, https:\/\/familiewelpenhaus.com\/wp-content\/uploads\/2025\/07\/85ea4a20f28a34b52c6a36b5dcedadf6_720x720_fit-150x150.jpg 150w\" sizes=\"(max-width: 720px) 100vw, 720px\" title=\"About Us\">\t\t\t\t\t\t\t\t\t\t\t\t\t\t\t<\/div>\n\t\t\t\t<\/div>\n\t\t\t\t<\/div>\n\t\t<div class=\"elementor-element elementor-element-53d3911 e-con-full e-flex e-con e-child\" data-id=\"53d3911\" data-element_type=\"container\" data-e-type=\"container\" data-settings=\"{&quot;background_background&quot;:&quot;classic&quot;}\">\n\t\t\t\t<div class=\"elementor-element elementor-element-cc7452f elementor-widget elementor-widget-image\" data-id=\"cc7452f\" data-element_type=\"widget\" data-e-type=\"widget\" data-widget_type=\"image.default\">\n\t\t\t\t<div class=\"elementor-widget-container\">\n\t\t\t\t\t\t\t\t\t\t\t\t\t\t\t<img decoding=\"async\" width=\"720\" height=\"720\" src=\"https:\/\/familiewelpenhaus.com\/wp-content\/uploads\/2025\/07\/53ed81e0c9a4f0a9fc1271e4acee6533_720x720_fit.jpg\" class=\"attachment-large size-large wp-image-2156\" alt=\"53ed81e0c9a4f0a9fc1271e4acee6533 720x720 fit\" srcset=\"https:\/\/familiewelpenhaus.com\/wp-content\/uploads\/2025\/07\/53ed81e0c9a4f0a9fc1271e4acee6533_720x720_fit.jpg 720w, https:\/\/familiewelpenhaus.com\/wp-content\/uploads\/2025\/07\/53ed81e0c9a4f0a9fc1271e4acee6533_720x720_fit-300x300.jpg 300w, https:\/\/familiewelpenhaus.com\/wp-content\/uploads\/2025\/07\/53ed81e0c9a4f0a9fc1271e4acee6533_720x720_fit-150x150.jpg 150w\" sizes=\"(max-width: 720px) 100vw, 720px\" title=\"About Us\">\t\t\t\t\t\t\t\t\t\t\t\t\t\t\t<\/div>\n\t\t\t\t<\/div>\n\t\t\t\t<\/div>\n\t\t<div class=\"elementor-element elementor-element-9490c00 e-con-full e-flex e-con e-child\" data-id=\"9490c00\" data-element_type=\"container\" data-e-type=\"container\" data-settings=\"{&quot;background_background&quot;:&quot;classic&quot;}\">\n\t\t\t\t<div class=\"elementor-element elementor-element-b473eaf elementor-widget elementor-widget-image\" data-id=\"b473eaf\" data-element_type=\"widget\" data-e-type=\"widget\" data-widget_type=\"image.default\">\n\t\t\t\t<div class=\"elementor-widget-container\">\n\t\t\t\t\t\t\t\t\t\t\t\t\t\t\t<img loading=\"lazy\" decoding=\"async\" width=\"720\" height=\"720\" src=\"https:\/\/familiewelpenhaus.com\/wp-content\/uploads\/2025\/07\/91fb02e371a412a6f37c2b9f5e85c7ff_720x720_fit.jpg\" class=\"attachment-large size-large wp-image-2157\" alt=\"91fb02e371a412a6f37c2b9f5e85c7ff 720x720 fit\" srcset=\"https:\/\/familiewelpenhaus.com\/wp-content\/uploads\/2025\/07\/91fb02e371a412a6f37c2b9f5e85c7ff_720x720_fit.jpg 720w, https:\/\/familiewelpenhaus.com\/wp-content\/uploads\/2025\/07\/91fb02e371a412a6f37c2b9f5e85c7ff_720x720_fit-300x300.jpg 300w, https:\/\/familiewelpenhaus.com\/wp-content\/uploads\/2025\/07\/91fb02e371a412a6f37c2b9f5e85c7ff_720x720_fit-150x150.jpg 150w\" sizes=\"(max-width: 720px) 100vw, 720px\" title=\"About Us\">\t\t\t\t\t\t\t\t\t\t\t\t\t\t\t<\/div>\n\t\t\t\t<\/div>\n\t\t\t\t<\/div>\n\t\t\t\t\t<\/div>\n\t\t\t\t<\/div>\n\t\t\t\t<\/div>","protected":false},"excerpt":{"rendered":"<p>\u00dcber uns Wer wir sind Wir sind ein kleiner Familienbetrieb f\u00fcr Hundezucht und k\u00fcmmern uns liebevoll um unsere wundersch\u00f6nen Hunde und Welpen. Wir haben unser kleines Unternehmen als Hundeliebhaber wie Sie gegr\u00fcndet und sind st\u00e4ndig bestrebt, die besten Zuchthunde zu finden, mit dem Ziel, unserer liebevollen Gemeinschaft die ges\u00fcndesten und gl\u00fccklichsten Welpen zu bieten, die [&hellip;]<\/p>\n","protected":false},"author":1,"featured_media":0,"parent":0,"menu_order":0,"comment_status":"closed","ping_status":"closed","template":"","meta":{"site-sidebar-layout":"no-sidebar","site-content-layout":"page-builder","ast-site-content-layout":"default","site-content-style":"default","site-sidebar-style":"default","ast-global-header-display":"","ast-banner-title-visibility":"","ast-main-header-display":"","ast-hfb-above-header-display":"","ast-hfb-below-header-display":"","ast-hfb-mobile-header-display":"","site-post-title":"disabled","ast-breadcrumbs-content":"","ast-featured-img":"disabled","footer-sml-layout":"","ast-disable-related-posts":"","theme-transparent-header-meta":"enabled","adv-header-id-meta":"","stick-header-meta":"","header-above-stick-meta":"","header-main-stick-meta":"","header-below-stick-meta":"","astra-migrate-meta-layouts":"default","ast-page-background-enabled":"default","ast-page-background-meta":{"desktop":{"background-color":"","background-image":"","background-repeat":"repeat","background-position":"center center","background-size":"auto","background-attachment":"scroll","background-type":"","background-media":"","overlay-type":"","overlay-color":"","overlay-opacity":"","overlay-gradient":""},"tablet":{"background-color":"","background-image":"","background-repeat":"repeat","background-position":"center center","background-size":"auto","background-attachment":"scroll","background-type":"","background-media":"","overlay-type":"","overlay-color":"","overlay-opacity":"","overlay-gradient":""},"mobile":{"background-color":"","background-image":"","background-repeat":"repeat","background-position":"center center","background-size":"auto","background-attachment":"scroll","background-type":"","background-media":"","overlay-type":"","overlay-color":"","overlay-opacity":"","overlay-gradient":""}},"ast-content-background-meta":{"desktop":{"background-color":"var(--ast-global-color-5)","background-image":"","background-repeat":"repeat","background-position":"center center","background-size":"auto","background-attachment":"scroll","background-type":"","background-media":"","overlay-type":"","overlay-color":"","overlay-opacity":"","overlay-gradient":""},"tablet":{"background-color":"var(--ast-global-color-5)","background-image":"","background-repeat":"repeat","background-position":"center center","background-size":"auto","background-attachment":"scroll","background-type":"","background-media":"","overlay-type":"","overlay-color":"","overlay-opacity":"","overlay-gradient":""},"mobile":{"background-color":"var(--ast-global-color-5)","background-image":"","background-repeat":"repeat","background-position":"center center","background-size":"auto","background-attachment":"scroll","background-type":"","background-media":"","overlay-type":"","overlay-color":"","overlay-opacity":"","overlay-gradient":""}},"footnotes":""},"class_list":["post-43","page","type-page","status-publish","hentry"],"yoast_head":"<!-- This site is optimized with the Yoast SEO plugin v27.1.1 - https:\/\/yoast.com\/product\/yoast-seo-wordpress\/ -->\n<title>\u00dcber uns - familiewelpenhaus<\/title>\n<meta name=\"robots\" content=\"index, follow, max-snippet:-1, max-image-preview:large, max-video-preview:-1\" \/>\n<link rel=\"canonical\" href=\"https:\/\/familiewelpenhaus.com\/en\/about-us\/\" \/>\n<meta property=\"og:locale\" content=\"en_US\" \/>\n<meta property=\"og:type\" content=\"article\" \/>\n<meta property=\"og:title\" content=\"\u00dcber uns - familiewelpenhaus\" \/>\n<meta property=\"og:description\" content=\"\u00dcber uns Wer wir sind Wir sind ein kleiner Familienbetrieb f\u00fcr Hundezucht und k\u00fcmmern uns liebevoll um unsere wundersch\u00f6nen Hunde und Welpen. Wir haben unser kleines Unternehmen als Hundeliebhaber wie Sie gegr\u00fcndet und sind st\u00e4ndig bestrebt, die besten Zuchthunde zu finden, mit dem Ziel, unserer liebevollen Gemeinschaft die ges\u00fcndesten und gl\u00fccklichsten Welpen zu bieten, die [&hellip;]\" \/>\n<meta property=\"og:url\" content=\"https:\/\/familiewelpenhaus.com\/en\/about-us\/\" \/>\n<meta property=\"og:site_name\" content=\"familiewelpenhaus\" \/>\n<meta property=\"article:modified_time\" content=\"2025-07-12T14:36:08+00:00\" \/>\n<meta property=\"og:image\" content=\"https:\/\/familiewelpenhaus.com\/wp-content\/uploads\/2025\/07\/Screen-Shot-2022-05-14-at-11.00.04-am-edited.jpg\" \/>\n\t<meta property=\"og:image:width\" content=\"407\" \/>\n\t<meta property=\"og:image:height\" content=\"611\" \/>\n\t<meta property=\"og:image:type\" content=\"image\/jpeg\" \/>\n<meta name=\"twitter:card\" content=\"summary_large_image\" \/>\n<meta name=\"twitter:label1\" content=\"Est. reading time\" \/>\n\t<meta name=\"twitter:data1\" content=\"2 minutes\" \/>\n<script type=\"application\/ld+json\" class=\"yoast-schema-graph\">{\"@context\":\"https:\/\/schema.org\",\"@graph\":[{\"@type\":\"WebPage\",\"@id\":\"https:\/\/familiewelpenhaus.com\/uber-uns\/\",\"url\":\"https:\/\/familiewelpenhaus.com\/uber-uns\/\",\"name\":\"\u00dcber uns - familiewelpenhaus\",\"isPartOf\":{\"@id\":\"https:\/\/familiewelpenhaus.com\/#website\"},\"primaryImageOfPage\":{\"@id\":\"https:\/\/familiewelpenhaus.com\/uber-uns\/#primaryimage\"},\"image\":{\"@id\":\"https:\/\/familiewelpenhaus.com\/uber-uns\/#primaryimage\"},\"thumbnailUrl\":\"https:\/\/familiewelpenhaus.com\/wp-content\/uploads\/2025\/07\/Screen-Shot-2022-05-14-at-11.00.04-am-edited.jpg\",\"datePublished\":\"2025-07-11T10:19:58+00:00\",\"dateModified\":\"2025-07-12T14:36:08+00:00\",\"breadcrumb\":{\"@id\":\"https:\/\/familiewelpenhaus.com\/uber-uns\/#breadcrumb\"},\"inLanguage\":\"en-US\",\"potentialAction\":[{\"@type\":\"ReadAction\",\"target\":[\"https:\/\/familiewelpenhaus.com\/uber-uns\/\"]}]},{\"@type\":\"ImageObject\",\"inLanguage\":\"en-US\",\"@id\":\"https:\/\/familiewelpenhaus.com\/uber-uns\/#primaryimage\",\"url\":\"https:\/\/familiewelpenhaus.com\/wp-content\/uploads\/2025\/07\/Screen-Shot-2022-05-14-at-11.00.04-am-edited.jpg\",\"contentUrl\":\"https:\/\/familiewelpenhaus.com\/wp-content\/uploads\/2025\/07\/Screen-Shot-2022-05-14-at-11.00.04-am-edited.jpg\"},{\"@type\":\"BreadcrumbList\",\"@id\":\"https:\/\/familiewelpenhaus.com\/uber-uns\/#breadcrumb\",\"itemListElement\":[{\"@type\":\"ListItem\",\"position\":1,\"name\":\"Home\",\"item\":\"https:\/\/familiewelpenhaus.com\/\"},{\"@type\":\"ListItem\",\"position\":2,\"name\":\"\u00dcber uns\"}]},{\"@type\":\"WebSite\",\"@id\":\"https:\/\/familiewelpenhaus.com\/#website\",\"url\":\"https:\/\/familiewelpenhaus.com\/\",\"name\":\"familiewelpenhaus\",\"description\":\"Kaufen Sie entz\u00fcckende Welpen online\",\"publisher\":{\"@id\":\"https:\/\/familiewelpenhaus.com\/#organization\"},\"potentialAction\":[{\"@type\":\"SearchAction\",\"target\":{\"@type\":\"EntryPoint\",\"urlTemplate\":\"https:\/\/familiewelpenhaus.com\/?s={search_term_string}\"},\"query-input\":{\"@type\":\"PropertyValueSpecification\",\"valueRequired\":true,\"valueName\":\"search_term_string\"}}],\"inLanguage\":\"en-US\"},{\"@type\":\"Organization\",\"@id\":\"https:\/\/familiewelpenhaus.com\/#organization\",\"name\":\"familiewelpenhaus\",\"url\":\"https:\/\/familiewelpenhaus.com\/\",\"logo\":{\"@type\":\"ImageObject\",\"inLanguage\":\"en-US\",\"@id\":\"https:\/\/familiewelpenhaus.com\/#\/schema\/logo\/image\/\",\"url\":\"https:\/\/familiewelpenhaus.com\/wp-content\/uploads\/2025\/07\/cropped-canvas.png\",\"contentUrl\":\"https:\/\/familiewelpenhaus.com\/wp-content\/uploads\/2025\/07\/cropped-canvas.png\",\"width\":676,\"height\":308,\"caption\":\"familiewelpenhaus\"},\"image\":{\"@id\":\"https:\/\/familiewelpenhaus.com\/#\/schema\/logo\/image\/\"}}]}<\/script>\n<!-- \/ Yoast SEO plugin. -->","yoast_head_json":{"title":"\u00dcber uns - familiewelpenhaus","robots":{"index":"index","follow":"follow","max-snippet":"max-snippet:-1","max-image-preview":"max-image-preview:large","max-video-preview":"max-video-preview:-1"},"canonical":"https:\/\/familiewelpenhaus.com\/en\/about-us\/","og_locale":"en_US","og_type":"article","og_title":"\u00dcber uns - familiewelpenhaus","og_description":"\u00dcber uns Wer wir sind Wir sind ein kleiner Familienbetrieb f\u00fcr Hundezucht und k\u00fcmmern uns liebevoll um unsere wundersch\u00f6nen Hunde und Welpen. Wir haben unser kleines Unternehmen als Hundeliebhaber wie Sie gegr\u00fcndet und sind st\u00e4ndig bestrebt, die besten Zuchthunde zu finden, mit dem Ziel, unserer liebevollen Gemeinschaft die ges\u00fcndesten und gl\u00fccklichsten Welpen zu bieten, die [&hellip;]","og_url":"https:\/\/familiewelpenhaus.com\/en\/about-us\/","og_site_name":"familiewelpenhaus","article_modified_time":"2025-07-12T14:36:08+00:00","og_image":[{"width":407,"height":611,"url":"https:\/\/familiewelpenhaus.com\/wp-content\/uploads\/2025\/07\/Screen-Shot-2022-05-14-at-11.00.04-am-edited.jpg","type":"image\/jpeg"}],"twitter_card":"summary_large_image","twitter_misc":{"Est. reading time":"2 minutes"},"schema":{"@context":"https:\/\/schema.org","@graph":[{"@type":"WebPage","@id":"https:\/\/familiewelpenhaus.com\/uber-uns\/","url":"https:\/\/familiewelpenhaus.com\/uber-uns\/","name":"\u00dcber uns - familiewelpenhaus","isPartOf":{"@id":"https:\/\/familiewelpenhaus.com\/#website"},"primaryImageOfPage":{"@id":"https:\/\/familiewelpenhaus.com\/uber-uns\/#primaryimage"},"image":{"@id":"https:\/\/familiewelpenhaus.com\/uber-uns\/#primaryimage"},"thumbnailUrl":"https:\/\/familiewelpenhaus.com\/wp-content\/uploads\/2025\/07\/Screen-Shot-2022-05-14-at-11.00.04-am-edited.jpg","datePublished":"2025-07-11T10:19:58+00:00","dateModified":"2025-07-12T14:36:08+00:00","breadcrumb":{"@id":"https:\/\/familiewelpenhaus.com\/uber-uns\/#breadcrumb"},"inLanguage":"en-US","potentialAction":[{"@type":"ReadAction","target":["https:\/\/familiewelpenhaus.com\/uber-uns\/"]}]},{"@type":"ImageObject","inLanguage":"en-US","@id":"https:\/\/familiewelpenhaus.com\/uber-uns\/#primaryimage","url":"https:\/\/familiewelpenhaus.com\/wp-content\/uploads\/2025\/07\/Screen-Shot-2022-05-14-at-11.00.04-am-edited.jpg","contentUrl":"https:\/\/familiewelpenhaus.com\/wp-content\/uploads\/2025\/07\/Screen-Shot-2022-05-14-at-11.00.04-am-edited.jpg"},{"@type":"BreadcrumbList","@id":"https:\/\/familiewelpenhaus.com\/uber-uns\/#breadcrumb","itemListElement":[{"@type":"ListItem","position":1,"name":"Home","item":"https:\/\/familiewelpenhaus.com\/"},{"@type":"ListItem","position":2,"name":"\u00dcber uns"}]},{"@type":"WebSite","@id":"https:\/\/familiewelpenhaus.com\/#website","url":"https:\/\/familiewelpenhaus.com\/","name":"familiewelpenhaus","description":"Kaufen Sie entz\u00fcckende Welpen online","publisher":{"@id":"https:\/\/familiewelpenhaus.com\/#organization"},"potentialAction":[{"@type":"SearchAction","target":{"@type":"EntryPoint","urlTemplate":"https:\/\/familiewelpenhaus.com\/?s={search_term_string}"},"query-input":{"@type":"PropertyValueSpecification","valueRequired":true,"valueName":"search_term_string"}}],"inLanguage":"en-US"},{"@type":"Organization","@id":"https:\/\/familiewelpenhaus.com\/#organization","name":"familiewelpenhaus","url":"https:\/\/familiewelpenhaus.com\/","logo":{"@type":"ImageObject","inLanguage":"en-US","@id":"https:\/\/familiewelpenhaus.com\/#\/schema\/logo\/image\/","url":"https:\/\/familiewelpenhaus.com\/wp-content\/uploads\/2025\/07\/cropped-canvas.png","contentUrl":"https:\/\/familiewelpenhaus.com\/wp-content\/uploads\/2025\/07\/cropped-canvas.png","width":676,"height":308,"caption":"familiewelpenhaus"},"image":{"@id":"https:\/\/familiewelpenhaus.com\/#\/schema\/logo\/image\/"}}]}},"_links":{"self":[{"href":"https:\/\/familiewelpenhaus.com\/en\/wp-json\/wp\/v2\/pages\/43","targetHints":{"allow":["GET"]}}],"collection":[{"href":"https:\/\/familiewelpenhaus.com\/en\/wp-json\/wp\/v2\/pages"}],"about":[{"href":"https:\/\/familiewelpenhaus.com\/en\/wp-json\/wp\/v2\/types\/page"}],"author":[{"embeddable":true,"href":"https:\/\/familiewelpenhaus.com\/en\/wp-json\/wp\/v2\/users\/1"}],"replies":[{"embeddable":true,"href":"https:\/\/familiewelpenhaus.com\/en\/wp-json\/wp\/v2\/comments?post=43"}],"version-history":[{"count":10,"href":"https:\/\/familiewelpenhaus.com\/en\/wp-json\/wp\/v2\/pages\/43\/revisions"}],"predecessor-version":[{"id":2166,"href":"https:\/\/familiewelpenhaus.com\/en\/wp-json\/wp\/v2\/pages\/43\/revisions\/2166"}],"wp:attachment":[{"href":"https:\/\/familiewelpenhaus.com\/en\/wp-json\/wp\/v2\/media?parent=43"}],"curies":[{"name":"wp","href":"https:\/\/api.w.org\/{rel}","templated":true}]}}