{"id":2112,"date":"2025-07-12T13:12:28","date_gmt":"2025-07-12T13:12:28","guid":{"rendered":"https:\/\/familiewelpenhaus.com\/?page_id=2112"},"modified":"2025-12-30T16:35:50","modified_gmt":"2025-12-30T16:35:50","slug":"cuccioli-di-carlino-in-vendita","status":"publish","type":"page","link":"https:\/\/familiewelpenhaus.com\/it\/cuccioli-di-carlino-in-vendita\/","title":{"rendered":"Cuccioli di carlino in vendita"},"content":{"rendered":"<div data-elementor-type=\"wp-page\" data-elementor-id=\"2112\" class=\"elementor elementor-2112\" data-elementor-post-type=\"page\">\n\t\t\t\t<div class=\"elementor-element elementor-element-b8f59b2 e-flex e-con-boxed e-con e-parent\" data-id=\"b8f59b2\" data-element_type=\"container\" data-e-type=\"container\">\n\t\t\t\t\t<div class=\"e-con-inner\">\n\t\t<div class=\"elementor-element elementor-element-81d5d8d e-con-full e-flex e-con e-child\" data-id=\"81d5d8d\" data-element_type=\"container\" data-e-type=\"container\">\n\t\t\t\t<div class=\"elementor-element elementor-element-4cc084e elementor-widget elementor-widget-text-editor\" data-id=\"4cc084e\" data-element_type=\"widget\" data-e-type=\"widget\" data-widget_type=\"text-editor.default\">\n\t\t\t\t<div class=\"elementor-widget-container\">\n\t\t\t\t\t\t\t\t\t<h2>Cuccioli di carlino in vendita<\/h2><p>\u00a0<\/p><h3>Stai cercando adorabili cuccioli di carlino in vendita?<\/h3><p>Non cercare oltre! La nostra selezione di cuccioli di carlino ti far\u00e0 sciogliere il cuore e porter\u00e0 gioia nella tua casa. Questi piccoli compagni giocosi e affettuosi sono noti per la loro personalit\u00e0 affascinante e il loro carattere adorabile. I nostri cuccioli di carlino vengono allevati con cura e attenzione per garantire che siano ben socializzati e pronti a diventare una parte amata della tua famiglia. Con i loro caratteristici musetti rugosi e gli occhi espressivi, i cuccioli di carlino sono davvero irresistibili.<\/p>\t\t\t\t\t\t\t\t<\/div>\n\t\t\t\t<\/div>\n\t\t\t\t<\/div>\n\t\t<div class=\"elementor-element elementor-element-3735c61 e-con-full e-flex e-con e-child\" data-id=\"3735c61\" data-element_type=\"container\" data-e-type=\"container\">\n\t\t\t\t<div class=\"elementor-element elementor-element-479547b elementor-widget elementor-widget-image\" data-id=\"479547b\" data-element_type=\"widget\" data-e-type=\"widget\" data-widget_type=\"image.default\">\n\t\t\t\t<div class=\"elementor-widget-container\">\n\t\t\t\t\t\t\t\t\t\t\t\t\t\t\t<img fetchpriority=\"high\" decoding=\"async\" width=\"720\" height=\"718\" src=\"https:\/\/familiewelpenhaus.com\/wp-content\/uploads\/2025\/07\/pupy7.jpg\" class=\"attachment-large size-large wp-image-1938\" alt=\"pupy7\" srcset=\"https:\/\/familiewelpenhaus.com\/wp-content\/uploads\/2025\/07\/pupy7.jpg 720w, https:\/\/familiewelpenhaus.com\/wp-content\/uploads\/2025\/07\/pupy7-300x300.jpg 300w, https:\/\/familiewelpenhaus.com\/wp-content\/uploads\/2025\/07\/pupy7-150x150.jpg 150w\" sizes=\"(max-width: 720px) 100vw, 720px\" title=\"Cuccioli di carlino in vendita\">\t\t\t\t\t\t\t\t\t\t\t\t\t\t\t<\/div>\n\t\t\t\t<\/div>\n\t\t\t\t<\/div>\n\t\t\t\t\t<\/div>\n\t\t\t\t<\/div>\n\t\t<div class=\"elementor-element elementor-element-ac81575 e-flex e-con-boxed e-con e-parent\" data-id=\"ac81575\" data-element_type=\"container\" data-e-type=\"container\">\n\t\t\t\t\t<div class=\"e-con-inner\">\n\t\t\t\t<div class=\"elementor-element elementor-element-79e79ae elementor-widget elementor-widget-spacer\" data-id=\"79e79ae\" data-element_type=\"widget\" data-e-type=\"widget\" data-widget_type=\"spacer.default\">\n\t\t\t\t<div class=\"elementor-widget-container\">\n\t\t\t\t\t\t\t<div class=\"elementor-spacer\">\n\t\t\t<div class=\"elementor-spacer-inner\"><\/div>\n\t\t<\/div>\n\t\t\t\t\t\t<\/div>\n\t\t\t\t<\/div>\n\t\t\t\t\t<\/div>\n\t\t\t\t<\/div>\n\t\t<div class=\"elementor-element elementor-element-f9bc9fc e-flex e-con-boxed e-con e-parent\" data-id=\"f9bc9fc\" data-element_type=\"container\" data-e-type=\"container\">\n\t\t\t\t\t<div class=\"e-con-inner\">\n\t\t\t\t<div class=\"elementor-element elementor-element-a93caf6 elementor-widget elementor-widget-text-editor\" data-id=\"a93caf6\" data-element_type=\"widget\" data-e-type=\"widget\" data-widget_type=\"text-editor.default\">\n\t\t\t\t<div class=\"elementor-widget-container\">\n\t\t\t\t\t\t\t\t\t<h3>Incluso nel prezzo di acquisto<\/h3><p>\u2714 Cuccioli di carlino disponibili ora<\/p><p>\u2714 Visita veterinaria eseguita<\/p><p>\u2714 Vaccinazioni adatte all'et\u00e0<\/p><p>\u2714 Certificato sanitario disponibile<\/p><p>\u2714 Ben socializzato e cresciuto in famiglia<\/p><p>\u2714 Assistenza prima e dopo l'acquisto<\/p><h3>Perch\u00e9 acquistare i nostri cuccioli di carlino?<\/h3><p>Diamo valore alla qualit\u00e0, alla trasparenza e all'affidamento responsabile. Il nostro processo di acquisto \u00e8 semplice e sicuro e affidiamo i nostri cuccioli solo a famiglie amorevoli. La disponibilit\u00e0 \u00e8 limitata per garantire i nostri elevati standard qualitativi.<\/p><p>\ud83d\ude9a Opzioni di consegna disponibili<br \/>\ud83d\udce9 Prenota oggi stesso il tuo cucciolo di carlino: disponibilit\u00e0 limitata.<\/p>\t\t\t\t\t\t\t\t<\/div>\n\t\t\t\t<\/div>\n\t\t\t\t\t<\/div>\n\t\t\t\t<\/div>\n\t\t<div class=\"elementor-element elementor-element-579f38d4 e-con-full e-flex e-con e-parent\" data-id=\"579f38d4\" data-element_type=\"container\" data-e-type=\"container\" data-settings=\"{&quot;background_background&quot;:&quot;classic&quot;}\">\n\t\t<div class=\"elementor-element elementor-element-4af70c1c e-con-full e-flex e-con e-child\" data-id=\"4af70c1c\" data-element_type=\"container\" data-e-type=\"container\">\n\t\t\t\t<div class=\"elementor-element elementor-element-5d000c3 animated-slow elementor-invisible elementor-widget elementor-widget-heading\" data-id=\"5d000c3\" data-element_type=\"widget\" data-e-type=\"widget\" data-settings=\"{&quot;_animation&quot;:&quot;slideInUp&quot;}\" data-widget_type=\"heading.default\">\n\t\t\t\t<div class=\"elementor-widget-container\">\n\t\t\t\t\t<h2 class=\"elementor-heading-title elementor-size-default\">Allenati con i migliori<\/h2>\t\t\t\t<\/div>\n\t\t\t\t<\/div>\n\t\t\t\t<div class=\"elementor-element elementor-element-47a0b67c animated-slow elementor-invisible elementor-widget elementor-widget-heading\" data-id=\"47a0b67c\" data-element_type=\"widget\" data-e-type=\"widget\" data-settings=\"{&quot;_animation&quot;:&quot;slideInUp&quot;}\" data-widget_type=\"heading.default\">\n\t\t\t\t<div class=\"elementor-widget-container\">\n\t\t\t\t\t<h2 class=\"elementor-heading-title elementor-size-default\">cuccioli disponibili<\/h2>\t\t\t\t<\/div>\n\t\t\t\t<\/div>\n\t\t\t\t<\/div>\n\t\t<div class=\"elementor-element elementor-element-24bfc198 e-con-full e-flex e-con e-child\" data-id=\"24bfc198\" data-element_type=\"container\" data-e-type=\"container\">\n\t\t<div class=\"elementor-element elementor-element-22fe4eb6 animated-slow e-con-full e-flex elementor-invisible e-con e-child\" data-id=\"22fe4eb6\" data-element_type=\"container\" data-e-type=\"container\" data-settings=\"{&quot;animation&quot;:&quot;fadeInUp&quot;,&quot;animation_delay&quot;:150}\">\n\t\t<div class=\"elementor-element elementor-element-37bc625a e-con-full e-flex e-con e-child\" data-id=\"37bc625a\" data-element_type=\"container\" data-e-type=\"container\">\n\t\t\t\t<div class=\"elementor-element elementor-element-9340f94 elementor-widget elementor-widget-image\" data-id=\"9340f94\" data-element_type=\"widget\" data-e-type=\"widget\" data-widget_type=\"image.default\">\n\t\t\t\t<div class=\"elementor-widget-container\">\n\t\t\t\t\t\t\t\t\t\t\t\t\t\t\t<img decoding=\"async\" width=\"300\" height=\"300\" src=\"https:\/\/familiewelpenhaus.com\/wp-content\/uploads\/2025\/07\/misha-300x300-1.jpg\" class=\"attachment-large size-large wp-image-2122\" alt=\"misha 300x300\" srcset=\"https:\/\/familiewelpenhaus.com\/wp-content\/uploads\/2025\/07\/misha-300x300-1.jpg 300w, https:\/\/familiewelpenhaus.com\/wp-content\/uploads\/2025\/07\/misha-300x300-1-150x150.jpg 150w\" sizes=\"(max-width: 300px) 100vw, 300px\" title=\"Cuccioli di carlino in vendita\">\t\t\t\t\t\t\t\t\t\t\t\t\t\t\t<\/div>\n\t\t\t\t<\/div>\n\t\t\t\t<div class=\"elementor-element elementor-element-26eb599d elementor-widget__width-initial animated-slow elementor-invisible elementor-widget elementor-widget-spacer\" data-id=\"26eb599d\" data-element_type=\"widget\" data-e-type=\"widget\" data-settings=\"{&quot;_animation&quot;:&quot;rotateInDownLeft&quot;}\" data-widget_type=\"spacer.default\">\n\t\t\t\t<div class=\"elementor-widget-container\">\n\t\t\t\t\t\t\t<div class=\"elementor-spacer\">\n\t\t\t<div class=\"elementor-spacer-inner\"><\/div>\n\t\t<\/div>\n\t\t\t\t\t\t<\/div>\n\t\t\t\t<\/div>\n\t\t\t\t<\/div>\n\t\t\t\t<div class=\"elementor-element elementor-element-11cb160 elementor-cta--layout-image-left elementor-cta--skin-classic elementor-animated-content elementor-bg-transform elementor-bg-transform-zoom-in elementor-widget elementor-widget-call-to-action\" data-id=\"11cb160\" data-element_type=\"widget\" data-e-type=\"widget\" data-widget_type=\"call-to-action.default\">\n\t\t\t\t<div class=\"elementor-widget-container\">\n\t\t\t\t\t\t\t<div class=\"elementor-cta\">\n\t\t\t\t\t\t\t<div class=\"elementor-cta__content\">\n\t\t\t\t\n\t\t\t\t\t\t\t\t\t<h2 class=\"elementor-cta__title elementor-cta__content-item elementor-content-item\">\n\t\t\t\t\t\tBeedo\t\t\t\t\t<\/h2>\n\t\t\t\t\n\t\t\t\t\t\t\t\t\t<div class=\"elementor-cta__description elementor-cta__content-item elementor-content-item\">\n\t\t\t\t\t\t<b>Price: 800 \u20ac<br><\/b><br>\n\n<b>Rasse: Mops-Welpen<br><\/b><br>\n\n<b>Verf\u00fcgbar: Ich bin heute bereit!<br><\/b><br>\n\n<b>Geschlecht: M\u00e4nnlich\nGesundheitszeugnis\nGesundheitsgarantie: INBEGRIFFEN<br><\/b><br>\t\t\t\t\t<\/div>\n\t\t\t\t\n\t\t\t\t\t\t\t\t\t<div class=\"elementor-cta__button-wrapper elementor-cta__content-item elementor-content-item\">\n\t\t\t\t\t<a class=\"elementor-cta__button elementor-button elementor-size-\" href=\"https:\/\/familiewelpenhaus.com\/it\/contattaci\/\">\n\t\t\t\t\t\tJetzt kaufen >\t\t\t\t\t<\/a>\n\t\t\t\t\t<\/div>\n\t\t\t\t\t\t\t<\/div>\n\t\t\t\t\t\t<\/div>\n\t\t\t\t\t\t<\/div>\n\t\t\t\t<\/div>\n\t\t\t\t<\/div>\n\t\t<div class=\"elementor-element elementor-element-6850cb1a animated-slow e-con-full e-flex elementor-invisible e-con e-child\" data-id=\"6850cb1a\" data-element_type=\"container\" data-e-type=\"container\" data-settings=\"{&quot;animation&quot;:&quot;fadeInUp&quot;,&quot;animation_delay&quot;:300}\">\n\t\t<div class=\"elementor-element elementor-element-1fbfe2ce e-con-full e-flex e-con e-child\" data-id=\"1fbfe2ce\" data-element_type=\"container\" data-e-type=\"container\">\n\t\t\t\t<div class=\"elementor-element elementor-element-3d14b2a0 elementor-widget elementor-widget-image\" data-id=\"3d14b2a0\" data-element_type=\"widget\" data-e-type=\"widget\" data-widget_type=\"image.default\">\n\t\t\t\t<div class=\"elementor-widget-container\">\n\t\t\t\t\t\t\t\t\t\t\t\t\t\t\t<img decoding=\"async\" width=\"600\" height=\"600\" src=\"https:\/\/familiewelpenhaus.com\/wp-content\/uploads\/2025\/07\/beedo1-600x600-1.jpg\" class=\"attachment-large size-large wp-image-2123\" alt=\"beedo1 600x600\" srcset=\"https:\/\/familiewelpenhaus.com\/wp-content\/uploads\/2025\/07\/beedo1-600x600-1.jpg 600w, https:\/\/familiewelpenhaus.com\/wp-content\/uploads\/2025\/07\/beedo1-600x600-1-300x300.jpg 300w, https:\/\/familiewelpenhaus.com\/wp-content\/uploads\/2025\/07\/beedo1-600x600-1-150x150.jpg 150w\" sizes=\"(max-width: 600px) 100vw, 600px\" title=\"Cuccioli di carlino in vendita\">\t\t\t\t\t\t\t\t\t\t\t\t\t\t\t<\/div>\n\t\t\t\t<\/div>\n\t\t\t\t<div class=\"elementor-element elementor-element-465fd11d elementor-widget__width-initial animated-slow elementor-invisible elementor-widget elementor-widget-spacer\" data-id=\"465fd11d\" data-element_type=\"widget\" data-e-type=\"widget\" data-settings=\"{&quot;_animation&quot;:&quot;rotateInDownLeft&quot;}\" data-widget_type=\"spacer.default\">\n\t\t\t\t<div class=\"elementor-widget-container\">\n\t\t\t\t\t\t\t<div class=\"elementor-spacer\">\n\t\t\t<div class=\"elementor-spacer-inner\"><\/div>\n\t\t<\/div>\n\t\t\t\t\t\t<\/div>\n\t\t\t\t<\/div>\n\t\t\t\t<\/div>\n\t\t\t\t<div class=\"elementor-element elementor-element-220dfd94 elementor-cta--layout-image-left elementor-cta--skin-classic elementor-animated-content elementor-bg-transform elementor-bg-transform-zoom-in elementor-widget elementor-widget-call-to-action\" data-id=\"220dfd94\" data-element_type=\"widget\" data-e-type=\"widget\" data-widget_type=\"call-to-action.default\">\n\t\t\t\t<div class=\"elementor-widget-container\">\n\t\t\t\t\t\t\t<div class=\"elementor-cta\">\n\t\t\t\t\t\t\t<div class=\"elementor-cta__content\">\n\t\t\t\t\n\t\t\t\t\t\t\t\t\t<h2 class=\"elementor-cta__title elementor-cta__content-item elementor-content-item\">\n\t\t\t\t\t\tHope\t\t\t\t\t<\/h2>\n\t\t\t\t\n\t\t\t\t\t\t\t\t\t<div class=\"elementor-cta__description elementor-cta__content-item elementor-content-item\">\n\t\t\t\t\t\t<b>Price: 800 \u20ac<br><\/b><br>\n\n<b>Rasse: Mops-Welpen<br><\/b><br>\n\n<b>Verf\u00fcgbar: Ich bin heute bereit!<br><\/b><br>\n\n<b>Geschlecht: M\u00e4nnlich\nGesundheitszeugnis\nGesundheitsgarantie: INBEGRIFFEN<br><\/b><br>\t\t\t\t\t<\/div>\n\t\t\t\t\n\t\t\t\t\t\t\t\t\t<div class=\"elementor-cta__button-wrapper elementor-cta__content-item elementor-content-item\">\n\t\t\t\t\t<a class=\"elementor-cta__button elementor-button elementor-size-\" href=\"https:\/\/familiewelpenhaus.com\/it\/contattaci\/\">\n\t\t\t\t\t\tJetzt kaufen >\t\t\t\t\t<\/a>\n\t\t\t\t\t<\/div>\n\t\t\t\t\t\t\t<\/div>\n\t\t\t\t\t\t<\/div>\n\t\t\t\t\t\t<\/div>\n\t\t\t\t<\/div>\n\t\t\t\t<\/div>\n\t\t\t\t<\/div>\n\t\t\t\t<\/div>\n\t\t\t\t<\/div>","protected":false},"excerpt":{"rendered":"<p>Mopswelpen zu verkaufen \u00a0 Sie suchen bezaubernde Mops-Welpen zum Verkauf? Suchen Sie nicht weiter! Unsere Auswahl an Mops-Welpen l\u00e4sst Ihr Herz schmelzen und bringt Freude in Ihr Zuhause. Diese verspielten und anh\u00e4nglichen kleinen Gef\u00e4hrten sind f\u00fcr ihre charmante Pers\u00f6nlichkeit und ihr liebenswertes Wesen bekannt. Unsere Mops-Welpen werden mit Sorgfalt und Aufmerksamkeit aufgezogen, damit sie gut [&hellip;]<\/p>\n","protected":false},"author":1,"featured_media":0,"parent":0,"menu_order":0,"comment_status":"closed","ping_status":"closed","template":"elementor_header_footer","meta":{"site-sidebar-layout":"no-sidebar","site-content-layout":"page-builder","ast-site-content-layout":"full-width-container","site-content-style":"default","site-sidebar-style":"default","ast-global-header-display":"","ast-banner-title-visibility":"","ast-main-header-display":"","ast-hfb-above-header-display":"","ast-hfb-below-header-display":"","ast-hfb-mobile-header-display":"","site-post-title":"disabled","ast-breadcrumbs-content":"","ast-featured-img":"disabled","footer-sml-layout":"","ast-disable-related-posts":"","theme-transparent-header-meta":"","adv-header-id-meta":"","stick-header-meta":"","header-above-stick-meta":"","header-main-stick-meta":"","header-below-stick-meta":"","astra-migrate-meta-layouts":"set","ast-page-background-enabled":"default","ast-page-background-meta":{"desktop":{"background-color":"","background-image":"","background-repeat":"repeat","background-position":"center center","background-size":"auto","background-attachment":"scroll","background-type":"","background-media":"","overlay-type":"","overlay-color":"","overlay-opacity":"","overlay-gradient":""},"tablet":{"background-color":"","background-image":"","background-repeat":"repeat","background-position":"center center","background-size":"auto","background-attachment":"scroll","background-type":"","background-media":"","overlay-type":"","overlay-color":"","overlay-opacity":"","overlay-gradient":""},"mobile":{"background-color":"","background-image":"","background-repeat":"repeat","background-position":"center center","background-size":"auto","background-attachment":"scroll","background-type":"","background-media":"","overlay-type":"","overlay-color":"","overlay-opacity":"","overlay-gradient":""}},"ast-content-background-meta":{"desktop":{"background-color":"var(--ast-global-color-5)","background-image":"","background-repeat":"repeat","background-position":"center center","background-size":"auto","background-attachment":"scroll","background-type":"","background-media":"","overlay-type":"","overlay-color":"","overlay-opacity":"","overlay-gradient":""},"tablet":{"background-color":"var(--ast-global-color-5)","background-image":"","background-repeat":"repeat","background-position":"center center","background-size":"auto","background-attachment":"scroll","background-type":"","background-media":"","overlay-type":"","overlay-color":"","overlay-opacity":"","overlay-gradient":""},"mobile":{"background-color":"var(--ast-global-color-5)","background-image":"","background-repeat":"repeat","background-position":"center center","background-size":"auto","background-attachment":"scroll","background-type":"","background-media":"","overlay-type":"","overlay-color":"","overlay-opacity":"","overlay-gradient":""}},"footnotes":""},"class_list":["post-2112","page","type-page","status-publish","hentry"],"yoast_head":"<!-- This site is optimized with the Yoast SEO plugin v27.1.1 - https:\/\/yoast.com\/product\/yoast-seo-wordpress\/ -->\n<title>Mops-Welpen zu verkaufen | Gesund und abgabebereit<\/title>\n<meta name=\"description\" content=\"Niedliche Mops-Welpen zu verkaufen. Tier\u00e4rztlich untersucht, geimpft und bereit f\u00fcr ein liebevolles Zuhause. Sicherer Kauf und Lieferung m\u00f6glich.\" \/>\n<meta name=\"robots\" content=\"index, follow, max-snippet:-1, max-image-preview:large, max-video-preview:-1\" \/>\n<link rel=\"canonical\" href=\"https:\/\/familiewelpenhaus.com\/it\/cuccioli-di-carlino-in-vendita\/\" \/>\n<meta property=\"og:locale\" content=\"it_IT\" \/>\n<meta property=\"og:type\" content=\"article\" \/>\n<meta property=\"og:title\" content=\"Mops-Welpen zu verkaufen | Gesund und abgabebereit\" \/>\n<meta property=\"og:description\" content=\"Niedliche Mops-Welpen zu verkaufen. Tier\u00e4rztlich untersucht, geimpft und bereit f\u00fcr ein liebevolles Zuhause. Sicherer Kauf und Lieferung m\u00f6glich.\" \/>\n<meta property=\"og:url\" content=\"https:\/\/familiewelpenhaus.com\/it\/cuccioli-di-carlino-in-vendita\/\" \/>\n<meta property=\"og:site_name\" content=\"familiewelpenhaus\" \/>\n<meta property=\"article:modified_time\" content=\"2025-12-30T16:35:50+00:00\" \/>\n<meta property=\"og:image\" content=\"https:\/\/familiewelpenhaus.com\/wp-content\/uploads\/2025\/07\/pupy7.jpg\" \/>\n\t<meta property=\"og:image:width\" content=\"720\" \/>\n\t<meta property=\"og:image:height\" content=\"718\" \/>\n\t<meta property=\"og:image:type\" content=\"image\/jpeg\" \/>\n<meta name=\"twitter:card\" content=\"summary_large_image\" \/>\n<meta name=\"twitter:label1\" content=\"Tempo di lettura stimato\" \/>\n\t<meta name=\"twitter:data1\" content=\"4 minuti\" \/>\n<script type=\"application\/ld+json\" class=\"yoast-schema-graph\">{\"@context\":\"https:\/\/schema.org\",\"@graph\":[{\"@type\":\"WebPage\",\"@id\":\"https:\/\/familiewelpenhaus.com\/mopswelpen-zu-verkaufen\/\",\"url\":\"https:\/\/familiewelpenhaus.com\/mopswelpen-zu-verkaufen\/\",\"name\":\"Mops-Welpen zu verkaufen | Gesund und abgabebereit\",\"isPartOf\":{\"@id\":\"https:\/\/familiewelpenhaus.com\/#website\"},\"primaryImageOfPage\":{\"@id\":\"https:\/\/familiewelpenhaus.com\/mopswelpen-zu-verkaufen\/#primaryimage\"},\"image\":{\"@id\":\"https:\/\/familiewelpenhaus.com\/mopswelpen-zu-verkaufen\/#primaryimage\"},\"thumbnailUrl\":\"https:\/\/familiewelpenhaus.com\/wp-content\/uploads\/2025\/07\/pupy7.jpg\",\"datePublished\":\"2025-07-12T13:12:28+00:00\",\"dateModified\":\"2025-12-30T16:35:50+00:00\",\"description\":\"Niedliche Mops-Welpen zu verkaufen. Tier\u00e4rztlich untersucht, geimpft und bereit f\u00fcr ein liebevolles Zuhause. Sicherer Kauf und Lieferung m\u00f6glich.\",\"breadcrumb\":{\"@id\":\"https:\/\/familiewelpenhaus.com\/mopswelpen-zu-verkaufen\/#breadcrumb\"},\"inLanguage\":\"it-IT\",\"potentialAction\":[{\"@type\":\"ReadAction\",\"target\":[\"https:\/\/familiewelpenhaus.com\/mopswelpen-zu-verkaufen\/\"]}]},{\"@type\":\"ImageObject\",\"inLanguage\":\"it-IT\",\"@id\":\"https:\/\/familiewelpenhaus.com\/mopswelpen-zu-verkaufen\/#primaryimage\",\"url\":\"https:\/\/familiewelpenhaus.com\/wp-content\/uploads\/2025\/07\/pupy7.jpg\",\"contentUrl\":\"https:\/\/familiewelpenhaus.com\/wp-content\/uploads\/2025\/07\/pupy7.jpg\"},{\"@type\":\"BreadcrumbList\",\"@id\":\"https:\/\/familiewelpenhaus.com\/mopswelpen-zu-verkaufen\/#breadcrumb\",\"itemListElement\":[{\"@type\":\"ListItem\",\"position\":1,\"name\":\"Home\",\"item\":\"https:\/\/familiewelpenhaus.com\/\"},{\"@type\":\"ListItem\",\"position\":2,\"name\":\"Mopswelpen zu verkaufen\"}]},{\"@type\":\"WebSite\",\"@id\":\"https:\/\/familiewelpenhaus.com\/#website\",\"url\":\"https:\/\/familiewelpenhaus.com\/\",\"name\":\"familiewelpenhaus\",\"description\":\"Kaufen Sie entz\u00fcckende Welpen online\",\"publisher\":{\"@id\":\"https:\/\/familiewelpenhaus.com\/#organization\"},\"potentialAction\":[{\"@type\":\"SearchAction\",\"target\":{\"@type\":\"EntryPoint\",\"urlTemplate\":\"https:\/\/familiewelpenhaus.com\/?s={search_term_string}\"},\"query-input\":{\"@type\":\"PropertyValueSpecification\",\"valueRequired\":true,\"valueName\":\"search_term_string\"}}],\"inLanguage\":\"it-IT\"},{\"@type\":\"Organization\",\"@id\":\"https:\/\/familiewelpenhaus.com\/#organization\",\"name\":\"familiewelpenhaus\",\"url\":\"https:\/\/familiewelpenhaus.com\/\",\"logo\":{\"@type\":\"ImageObject\",\"inLanguage\":\"it-IT\",\"@id\":\"https:\/\/familiewelpenhaus.com\/#\/schema\/logo\/image\/\",\"url\":\"https:\/\/familiewelpenhaus.com\/wp-content\/uploads\/2025\/07\/cropped-canvas.png\",\"contentUrl\":\"https:\/\/familiewelpenhaus.com\/wp-content\/uploads\/2025\/07\/cropped-canvas.png\",\"width\":676,\"height\":308,\"caption\":\"familiewelpenhaus\"},\"image\":{\"@id\":\"https:\/\/familiewelpenhaus.com\/#\/schema\/logo\/image\/\"}}]}<\/script>\n<!-- \/ Yoast SEO plugin. -->","yoast_head_json":{"title":"Cuccioli di carlino in vendita | Sani e pronti per andare nelle loro nuove case","description":"Adorabili cuccioli di carlino in vendita. Controllati dal veterinario, vaccinati e pronti per una casa amorevole. Acquisto e consegna sicuri disponibili.","robots":{"index":"index","follow":"follow","max-snippet":"max-snippet:-1","max-image-preview":"max-image-preview:large","max-video-preview":"max-video-preview:-1"},"canonical":"https:\/\/familiewelpenhaus.com\/it\/cuccioli-di-carlino-in-vendita\/","og_locale":"it_IT","og_type":"article","og_title":"Mops-Welpen zu verkaufen | Gesund und abgabebereit","og_description":"Niedliche Mops-Welpen zu verkaufen. Tier\u00e4rztlich untersucht, geimpft und bereit f\u00fcr ein liebevolles Zuhause. Sicherer Kauf und Lieferung m\u00f6glich.","og_url":"https:\/\/familiewelpenhaus.com\/it\/cuccioli-di-carlino-in-vendita\/","og_site_name":"familiewelpenhaus","article_modified_time":"2025-12-30T16:35:50+00:00","og_image":[{"width":720,"height":718,"url":"https:\/\/familiewelpenhaus.com\/wp-content\/uploads\/2025\/07\/pupy7.jpg","type":"image\/jpeg"}],"twitter_card":"summary_large_image","twitter_misc":{"Tempo di lettura stimato":"4 minuti"},"schema":{"@context":"https:\/\/schema.org","@graph":[{"@type":"WebPage","@id":"https:\/\/familiewelpenhaus.com\/mopswelpen-zu-verkaufen\/","url":"https:\/\/familiewelpenhaus.com\/mopswelpen-zu-verkaufen\/","name":"Cuccioli di carlino in vendita | Sani e pronti per andare nelle loro nuove case","isPartOf":{"@id":"https:\/\/familiewelpenhaus.com\/#website"},"primaryImageOfPage":{"@id":"https:\/\/familiewelpenhaus.com\/mopswelpen-zu-verkaufen\/#primaryimage"},"image":{"@id":"https:\/\/familiewelpenhaus.com\/mopswelpen-zu-verkaufen\/#primaryimage"},"thumbnailUrl":"https:\/\/familiewelpenhaus.com\/wp-content\/uploads\/2025\/07\/pupy7.jpg","datePublished":"2025-07-12T13:12:28+00:00","dateModified":"2025-12-30T16:35:50+00:00","description":"Adorabili cuccioli di carlino in vendita. Controllati dal veterinario, vaccinati e pronti per una casa amorevole. Acquisto e consegna sicuri disponibili.","breadcrumb":{"@id":"https:\/\/familiewelpenhaus.com\/mopswelpen-zu-verkaufen\/#breadcrumb"},"inLanguage":"it-IT","potentialAction":[{"@type":"ReadAction","target":["https:\/\/familiewelpenhaus.com\/mopswelpen-zu-verkaufen\/"]}]},{"@type":"ImageObject","inLanguage":"it-IT","@id":"https:\/\/familiewelpenhaus.com\/mopswelpen-zu-verkaufen\/#primaryimage","url":"https:\/\/familiewelpenhaus.com\/wp-content\/uploads\/2025\/07\/pupy7.jpg","contentUrl":"https:\/\/familiewelpenhaus.com\/wp-content\/uploads\/2025\/07\/pupy7.jpg"},{"@type":"BreadcrumbList","@id":"https:\/\/familiewelpenhaus.com\/mopswelpen-zu-verkaufen\/#breadcrumb","itemListElement":[{"@type":"ListItem","position":1,"name":"Home","item":"https:\/\/familiewelpenhaus.com\/"},{"@type":"ListItem","position":2,"name":"Mopswelpen zu verkaufen"}]},{"@type":"WebSite","@id":"https:\/\/familiewelpenhaus.com\/#website","url":"https:\/\/familiewelpenhaus.com\/","name":"familiewelpenhaus","description":"Kaufen Sie entz\u00fcckende Welpen online","publisher":{"@id":"https:\/\/familiewelpenhaus.com\/#organization"},"potentialAction":[{"@type":"SearchAction","target":{"@type":"EntryPoint","urlTemplate":"https:\/\/familiewelpenhaus.com\/?s={search_term_string}"},"query-input":{"@type":"PropertyValueSpecification","valueRequired":true,"valueName":"search_term_string"}}],"inLanguage":"it-IT"},{"@type":"Organization","@id":"https:\/\/familiewelpenhaus.com\/#organization","name":"familiewelpenhaus","url":"https:\/\/familiewelpenhaus.com\/","logo":{"@type":"ImageObject","inLanguage":"it-IT","@id":"https:\/\/familiewelpenhaus.com\/#\/schema\/logo\/image\/","url":"https:\/\/familiewelpenhaus.com\/wp-content\/uploads\/2025\/07\/cropped-canvas.png","contentUrl":"https:\/\/familiewelpenhaus.com\/wp-content\/uploads\/2025\/07\/cropped-canvas.png","width":676,"height":308,"caption":"familiewelpenhaus"},"image":{"@id":"https:\/\/familiewelpenhaus.com\/#\/schema\/logo\/image\/"}}]}},"_links":{"self":[{"href":"https:\/\/familiewelpenhaus.com\/it\/wp-json\/wp\/v2\/pages\/2112","targetHints":{"allow":["GET"]}}],"collection":[{"href":"https:\/\/familiewelpenhaus.com\/it\/wp-json\/wp\/v2\/pages"}],"about":[{"href":"https:\/\/familiewelpenhaus.com\/it\/wp-json\/wp\/v2\/types\/page"}],"author":[{"embeddable":true,"href":"https:\/\/familiewelpenhaus.com\/it\/wp-json\/wp\/v2\/users\/1"}],"replies":[{"embeddable":true,"href":"https:\/\/familiewelpenhaus.com\/it\/wp-json\/wp\/v2\/comments?post=2112"}],"version-history":[{"count":25,"href":"https:\/\/familiewelpenhaus.com\/it\/wp-json\/wp\/v2\/pages\/2112\/revisions"}],"predecessor-version":[{"id":2415,"href":"https:\/\/familiewelpenhaus.com\/it\/wp-json\/wp\/v2\/pages\/2112\/revisions\/2415"}],"wp:attachment":[{"href":"https:\/\/familiewelpenhaus.com\/it\/wp-json\/wp\/v2\/media?parent=2112"}],"curies":[{"name":"wp","href":"https:\/\/api.w.org\/{rel}","templated":true}]}}