{"id":2044,"date":"2025-07-11T23:29:53","date_gmt":"2025-07-11T23:29:53","guid":{"rendered":"https:\/\/familiewelpenhaus.com\/?page_id=2044"},"modified":"2025-12-30T16:02:31","modified_gmt":"2025-12-30T16:02:31","slug":"maltezer-puppys-te-koop","status":"publish","type":"page","link":"https:\/\/familiewelpenhaus.com\/pl\/maltezer-puppys-te-koop\/","title":{"rendered":"Szczeni\u0119ta malta\u0144skie na sprzeda\u017c"},"content":{"rendered":"<div data-elementor-type=\"wp-page\" data-elementor-id=\"2044\" class=\"elementor elementor-2044\" data-elementor-post-type=\"page\">\n\t\t\t\t<div class=\"elementor-element elementor-element-0d1c768 e-flex e-con-boxed e-con e-parent\" data-id=\"0d1c768\" data-element_type=\"container\" data-e-type=\"container\" data-settings=\"{&quot;background_background&quot;:&quot;classic&quot;}\">\n\t\t\t\t\t<div class=\"e-con-inner\">\n\t\t\t\t<div class=\"elementor-element elementor-element-60bcf4c elementor-widget elementor-widget-heading\" data-id=\"60bcf4c\" data-element_type=\"widget\" data-e-type=\"widget\" data-widget_type=\"heading.default\">\n\t\t\t\t<div class=\"elementor-widget-container\">\n\t\t\t\t\t<h2 class=\"elementor-heading-title elementor-size-default\">Szczeni\u0119ta malta\u0144skie na sprzeda\u017c<\/h2>\t\t\t\t<\/div>\n\t\t\t\t<\/div>\n\t\t\t\t\t<\/div>\n\t\t\t\t<\/div>\n\t\t<div class=\"elementor-element elementor-element-b8d2e0e e-flex e-con-boxed e-con e-parent\" data-id=\"b8d2e0e\" data-element_type=\"container\" data-e-type=\"container\">\n\t\t\t\t\t<div class=\"e-con-inner\">\n\t\t\t\t<div class=\"elementor-element elementor-element-214aa5c elementor-widget elementor-widget-text-editor\" data-id=\"214aa5c\" data-element_type=\"widget\" data-e-type=\"widget\" data-widget_type=\"text-editor.default\">\n\t\t\t\t<div class=\"elementor-widget-container\">\n\t\t\t\t\t\t\t\t\t<h2>Szczeni\u0119ta malta\u0144czyka na sprzeda\u017c \u2013 zdrowe, sprawdzone przez weterynarza i gotowe na nowy dom<\/h2><p>Szukasz szczeniaka malta\u0144czyka? Nasze malta\u0144czyki s\u0105 wychowywane z mi\u0142o\u015bci\u0105, socjalizowane od najm\u0142odszych lat i starannie przygotowywane do \u017cycia w nowych domach. Szczeni\u0119ta malta\u0144czyk\u00f3w charakteryzuj\u0105 si\u0119 \u0142agodnym usposobieniem, eleganckim bia\u0142ym umaszczeniem i serdecznym usposobieniem, co czyni je doskona\u0142ymi psami rodzinnymi i idealnymi towarzyszami dla ludzi.<\/p><p>Ka\u017cde szczeni\u0119 jest badane przez lekarza weterynarii, szczepione stosownie do wieku i posiada pe\u0142n\u0105 dokumentacj\u0119 medyczn\u0105. Stosujemy odpowiedzialn\u0105 hodowl\u0119, aby zapewni\u0107 im doskona\u0142e zdrowie, zr\u00f3wnowa\u017cony temperament i bezproblemowe przej\u015bcie do nowych dom\u00f3w.<\/p><h3>W cenie zakupu<\/h3><p>\u2714 Szczeni\u0119ta malta\u0144skie dost\u0119pne od zaraz<\/p><p>\u2714 Wykonano badanie weterynaryjne<\/p><p>\u2714 Szczepienia odpowiednie do wieku<\/p><p>\u2714 Dost\u0119pne za\u015bwiadczenie o stanie zdrowia<\/p><p>\u2714 Dobrze zsocjalizowany i wychowany w rodzinie<\/p><p>\u2714 Wsparcie przed i po zakupie<\/p><h3>Dlaczego warto kupowa\u0107 u nas?<\/h3><p>Cenimy transparentno\u015b\u0107, zdrowie i odpowiedzialne rozmieszczenie. Nasz proces jest bezpieczny i przyjazny dla kupuj\u0105cego. Liczba szczeni\u0105t jest ograniczona, aby zapewni\u0107 wysokie standardy jako\u015bci.<\/p><p>\ud83d\ude9a Dost\u0119pne opcje dostawy<br \/>\ud83d\udce9 Zarezerwuj szczeniaka malta\u0144czyka ju\u017c dzi\u015b \u2013 liczba miejsc ograniczona.<\/p>\t\t\t\t\t\t\t\t<\/div>\n\t\t\t\t<\/div>\n\t\t\t\t\t<\/div>\n\t\t\t\t<\/div>\n\t\t<div class=\"elementor-element elementor-element-4eeaab90 e-con-full e-flex e-con e-parent\" data-id=\"4eeaab90\" data-element_type=\"container\" data-e-type=\"container\" data-settings=\"{&quot;background_background&quot;:&quot;classic&quot;}\">\n\t\t<div class=\"elementor-element elementor-element-4c042e74 e-con-full e-flex e-con e-child\" data-id=\"4c042e74\" data-element_type=\"container\" data-e-type=\"container\">\n\t\t\t\t<div class=\"elementor-element elementor-element-5dec33ee animated-slow elementor-invisible elementor-widget elementor-widget-heading\" data-id=\"5dec33ee\" data-element_type=\"widget\" data-e-type=\"widget\" data-settings=\"{&quot;_animation&quot;:&quot;slideInUp&quot;}\" data-widget_type=\"heading.default\">\n\t\t\t\t<div class=\"elementor-widget-container\">\n\t\t\t\t\t<h2 class=\"elementor-heading-title elementor-size-default\">Trenuj z najlepszymi<\/h2>\t\t\t\t<\/div>\n\t\t\t\t<\/div>\n\t\t\t\t<div class=\"elementor-element elementor-element-57543e45 animated-slow elementor-invisible elementor-widget elementor-widget-heading\" data-id=\"57543e45\" data-element_type=\"widget\" data-e-type=\"widget\" data-settings=\"{&quot;_animation&quot;:&quot;slideInUp&quot;}\" data-widget_type=\"heading.default\">\n\t\t\t\t<div class=\"elementor-widget-container\">\n\t\t\t\t\t<h2 class=\"elementor-heading-title elementor-size-default\">Szczeni\u0119ta malta\u0144skie na sprzeda\u017c<\/h2>\t\t\t\t<\/div>\n\t\t\t\t<\/div>\n\t\t\t\t<\/div>\n\t\t<div class=\"elementor-element elementor-element-5682e3b1 e-con-full e-flex e-con e-child\" data-id=\"5682e3b1\" data-element_type=\"container\" data-e-type=\"container\">\n\t\t<div class=\"elementor-element elementor-element-5e9f97fc animated-slow e-con-full e-flex elementor-invisible e-con e-child\" data-id=\"5e9f97fc\" data-element_type=\"container\" data-e-type=\"container\" data-settings=\"{&quot;animation&quot;:&quot;fadeInUp&quot;,&quot;animation_delay&quot;:150}\">\n\t\t<div class=\"elementor-element elementor-element-5ee22d42 e-con-full e-flex e-con e-child\" data-id=\"5ee22d42\" data-element_type=\"container\" data-e-type=\"container\">\n\t\t\t\t<div class=\"elementor-element elementor-element-2e96fa15 elementor-widget elementor-widget-image\" data-id=\"2e96fa15\" data-element_type=\"widget\" data-e-type=\"widget\" data-widget_type=\"image.default\">\n\t\t\t\t<div class=\"elementor-widget-container\">\n\t\t\t\t\t\t\t\t\t\t\t\t\t\t\t<img fetchpriority=\"high\" decoding=\"async\" width=\"1024\" height=\"1024\" src=\"https:\/\/familiewelpenhaus.com\/wp-content\/uploads\/2025\/07\/maltese-5-1024x1024.jpg\" class=\"attachment-large size-large wp-image-2051\" alt=\"maltese (5)\" srcset=\"https:\/\/familiewelpenhaus.com\/wp-content\/uploads\/2025\/07\/maltese-5-1024x1024.jpg 1024w, https:\/\/familiewelpenhaus.com\/wp-content\/uploads\/2025\/07\/maltese-5-300x300.jpg 300w, https:\/\/familiewelpenhaus.com\/wp-content\/uploads\/2025\/07\/maltese-5-150x150.jpg 150w, https:\/\/familiewelpenhaus.com\/wp-content\/uploads\/2025\/07\/maltese-5-768x768.jpg 768w, https:\/\/familiewelpenhaus.com\/wp-content\/uploads\/2025\/07\/maltese-5.jpg 1080w\" sizes=\"(max-width: 1024px) 100vw, 1024px\" title=\"Szczeni\u0119ta malta\u0144skie na sprzeda\u017c\">\t\t\t\t\t\t\t\t\t\t\t\t\t\t\t<\/div>\n\t\t\t\t<\/div>\n\t\t\t\t<div class=\"elementor-element elementor-element-28c33648 elementor-widget__width-initial animated-slow elementor-invisible elementor-widget elementor-widget-spacer\" data-id=\"28c33648\" data-element_type=\"widget\" data-e-type=\"widget\" data-settings=\"{&quot;_animation&quot;:&quot;rotateInDownLeft&quot;}\" data-widget_type=\"spacer.default\">\n\t\t\t\t<div class=\"elementor-widget-container\">\n\t\t\t\t\t\t\t<div class=\"elementor-spacer\">\n\t\t\t<div class=\"elementor-spacer-inner\"><\/div>\n\t\t<\/div>\n\t\t\t\t\t\t<\/div>\n\t\t\t\t<\/div>\n\t\t\t\t<\/div>\n\t\t\t\t<div class=\"elementor-element elementor-element-9e5d3e3 elementor-cta--layout-image-left elementor-cta--skin-classic elementor-animated-content elementor-bg-transform elementor-bg-transform-zoom-in elementor-widget elementor-widget-call-to-action\" data-id=\"9e5d3e3\" data-element_type=\"widget\" data-e-type=\"widget\" data-widget_type=\"call-to-action.default\">\n\t\t\t\t<div class=\"elementor-widget-container\">\n\t\t\t\t\t\t\t<a class=\"elementor-cta\" href=\"https:\/\/familiewelpenhaus.com\/pl\/skontaktuj-sie-z-nami\/\">\n\t\t\t\t\t\t\t<div class=\"elementor-cta__content\">\n\t\t\t\t\n\t\t\t\t\t\t\t\t\t<h2 class=\"elementor-cta__title elementor-cta__content-item elementor-content-item\">\n\t\t\t\t\t\tMAIER\t\t\t\t\t<\/h2>\n\t\t\t\t\n\t\t\t\t\t\t\t\t\t<div class=\"elementor-cta__description elementor-cta__content-item elementor-content-item\">\n\t\t\t\t\t\tPreis: 800 Euro\n\n<b>Rasse: Malteser-Welpen<br><\/b><br>\n\n<b>Verf\u00fcgbar: Ich bin bereit!<br><\/b><br>\n\n<b>Geschlecht: Weiblich<br><\/b><br>\n\n<b>Gesundheitszeugnis und Gesundheitsgarantie: INKLUSIVE<br><\/b><br>\t\t\t\t\t<\/div>\n\t\t\t\t\n\t\t\t\t\t\t\t\t\t<div class=\"elementor-cta__button-wrapper elementor-cta__content-item elementor-content-item\">\n\t\t\t\t\t<span class=\"elementor-cta__button elementor-button elementor-size-\">\n\t\t\t\t\t\tKaufen >\t\t\t\t\t<\/span>\n\t\t\t\t\t<\/div>\n\t\t\t\t\t\t\t<\/div>\n\t\t\t\t\t\t<\/a>\n\t\t\t\t\t\t<\/div>\n\t\t\t\t<\/div>\n\t\t\t\t<\/div>\n\t\t<div class=\"elementor-element elementor-element-3554bf3 animated-slow e-con-full e-flex elementor-invisible e-con e-child\" data-id=\"3554bf3\" data-element_type=\"container\" data-e-type=\"container\" data-settings=\"{&quot;animation&quot;:&quot;fadeInUp&quot;,&quot;animation_delay&quot;:300}\">\n\t\t<div class=\"elementor-element elementor-element-208a1687 e-con-full e-flex e-con e-child\" data-id=\"208a1687\" data-element_type=\"container\" data-e-type=\"container\">\n\t\t\t\t<div class=\"elementor-element elementor-element-2cc19ac3 elementor-widget elementor-widget-image\" data-id=\"2cc19ac3\" data-element_type=\"widget\" data-e-type=\"widget\" data-widget_type=\"image.default\">\n\t\t\t\t<div class=\"elementor-widget-container\">\n\t\t\t\t\t\t\t\t\t\t\t\t\t\t\t<img decoding=\"async\" width=\"1024\" height=\"1024\" src=\"https:\/\/familiewelpenhaus.com\/wp-content\/uploads\/2025\/07\/tino-3-1024x1024.jpg\" class=\"attachment-large size-large wp-image-2049\" alt=\"tino 3\" srcset=\"https:\/\/familiewelpenhaus.com\/wp-content\/uploads\/2025\/07\/tino-3-1024x1024.jpg 1024w, https:\/\/familiewelpenhaus.com\/wp-content\/uploads\/2025\/07\/tino-3-300x300.jpg 300w, https:\/\/familiewelpenhaus.com\/wp-content\/uploads\/2025\/07\/tino-3-150x150.jpg 150w, https:\/\/familiewelpenhaus.com\/wp-content\/uploads\/2025\/07\/tino-3-768x768.jpg 768w, https:\/\/familiewelpenhaus.com\/wp-content\/uploads\/2025\/07\/tino-3.jpg 1080w\" sizes=\"(max-width: 1024px) 100vw, 1024px\" title=\"Szczeni\u0119ta malta\u0144skie na sprzeda\u017c\">\t\t\t\t\t\t\t\t\t\t\t\t\t\t\t<\/div>\n\t\t\t\t<\/div>\n\t\t\t\t<div class=\"elementor-element elementor-element-1681b6f5 elementor-widget__width-initial animated-slow elementor-invisible elementor-widget elementor-widget-spacer\" data-id=\"1681b6f5\" data-element_type=\"widget\" data-e-type=\"widget\" data-settings=\"{&quot;_animation&quot;:&quot;rotateInDownLeft&quot;}\" data-widget_type=\"spacer.default\">\n\t\t\t\t<div class=\"elementor-widget-container\">\n\t\t\t\t\t\t\t<div class=\"elementor-spacer\">\n\t\t\t<div class=\"elementor-spacer-inner\"><\/div>\n\t\t<\/div>\n\t\t\t\t\t\t<\/div>\n\t\t\t\t<\/div>\n\t\t\t\t<\/div>\n\t\t\t\t<div class=\"elementor-element elementor-element-5ce6fb10 elementor-cta--layout-image-left elementor-cta--skin-classic elementor-animated-content elementor-bg-transform elementor-bg-transform-zoom-in elementor-widget elementor-widget-call-to-action\" data-id=\"5ce6fb10\" data-element_type=\"widget\" data-e-type=\"widget\" data-widget_type=\"call-to-action.default\">\n\t\t\t\t<div class=\"elementor-widget-container\">\n\t\t\t\t\t\t\t<a class=\"elementor-cta\" href=\"https:\/\/familiewelpenhaus.com\/pl\/skontaktuj-sie-z-nami\/\">\n\t\t\t\t\t\t\t<div class=\"elementor-cta__content\">\n\t\t\t\t\n\t\t\t\t\t\t\t\t\t<h2 class=\"elementor-cta__title elementor-cta__content-item elementor-content-item\">\n\t\t\t\t\t\tBIRGIT\t\t\t\t\t<\/h2>\n\t\t\t\t\n\t\t\t\t\t\t\t\t\t<div class=\"elementor-cta__description elementor-cta__content-item elementor-content-item\">\n\t\t\t\t\t\tPreis: 800 Euro\n\n<b>Rasse: Malteser-Welpen<br><\/b><br>\n\n<b>Verf\u00fcgbar: Ich bin bereit!<br><\/b><br>\n\n<b>Geschlecht: Weiblich<br><\/b><br>\n\n<b>Gesundheitszeugnis und Gesundheitsgarantie: INKLUSIVE<br><\/b><br>\t\t\t\t\t<\/div>\n\t\t\t\t\n\t\t\t\t\t\t\t\t\t<div class=\"elementor-cta__button-wrapper elementor-cta__content-item elementor-content-item\">\n\t\t\t\t\t<span class=\"elementor-cta__button elementor-button elementor-size-\">\n\t\t\t\t\t\tKaufen >\t\t\t\t\t<\/span>\n\t\t\t\t\t<\/div>\n\t\t\t\t\t\t\t<\/div>\n\t\t\t\t\t\t<\/a>\n\t\t\t\t\t\t<\/div>\n\t\t\t\t<\/div>\n\t\t\t\t<\/div>\n\t\t\t\t<\/div>\n\t\t\t\t<\/div>\n\t\t\t\t<\/div>","protected":false},"excerpt":{"rendered":"<p>Malteserwelpen zu verkaufen Malteserwelpen zu verkaufen \u2013 Gesund, tier\u00e4rztlich untersucht &amp; bereit f\u00fcr ihr neues Zuhause Suchen Sie einen Malteserwelpen? Unsere Malteserwelpen werden liebevoll aufgezogen, fr\u00fchzeitig sozialisiert und bestens auf ihr neues Zuhause vorbereitet. Malteserwelpen sind bekannt f\u00fcr ihr sanftes Wesen, ihr elegantes wei\u00dfes Fell und ihre anh\u00e4ngliche Art und eignen sich hervorragend als Familienhunde [&hellip;]<\/p>\n","protected":false},"author":1,"featured_media":0,"parent":0,"menu_order":0,"comment_status":"closed","ping_status":"closed","template":"elementor_header_footer","meta":{"site-sidebar-layout":"no-sidebar","site-content-layout":"page-builder","ast-site-content-layout":"full-width-container","site-content-style":"default","site-sidebar-style":"default","ast-global-header-display":"","ast-banner-title-visibility":"","ast-main-header-display":"","ast-hfb-above-header-display":"","ast-hfb-below-header-display":"","ast-hfb-mobile-header-display":"","site-post-title":"disabled","ast-breadcrumbs-content":"","ast-featured-img":"disabled","footer-sml-layout":"","ast-disable-related-posts":"","theme-transparent-header-meta":"","adv-header-id-meta":"","stick-header-meta":"","header-above-stick-meta":"","header-main-stick-meta":"","header-below-stick-meta":"","astra-migrate-meta-layouts":"set","ast-page-background-enabled":"default","ast-page-background-meta":{"desktop":{"background-color":"","background-image":"","background-repeat":"repeat","background-position":"center center","background-size":"auto","background-attachment":"scroll","background-type":"","background-media":"","overlay-type":"","overlay-color":"","overlay-opacity":"","overlay-gradient":""},"tablet":{"background-color":"","background-image":"","background-repeat":"repeat","background-position":"center center","background-size":"auto","background-attachment":"scroll","background-type":"","background-media":"","overlay-type":"","overlay-color":"","overlay-opacity":"","overlay-gradient":""},"mobile":{"background-color":"","background-image":"","background-repeat":"repeat","background-position":"center center","background-size":"auto","background-attachment":"scroll","background-type":"","background-media":"","overlay-type":"","overlay-color":"","overlay-opacity":"","overlay-gradient":""}},"ast-content-background-meta":{"desktop":{"background-color":"var(--ast-global-color-5)","background-image":"","background-repeat":"repeat","background-position":"center center","background-size":"auto","background-attachment":"scroll","background-type":"","background-media":"","overlay-type":"","overlay-color":"","overlay-opacity":"","overlay-gradient":""},"tablet":{"background-color":"var(--ast-global-color-5)","background-image":"","background-repeat":"repeat","background-position":"center center","background-size":"auto","background-attachment":"scroll","background-type":"","background-media":"","overlay-type":"","overlay-color":"","overlay-opacity":"","overlay-gradient":""},"mobile":{"background-color":"var(--ast-global-color-5)","background-image":"","background-repeat":"repeat","background-position":"center center","background-size":"auto","background-attachment":"scroll","background-type":"","background-media":"","overlay-type":"","overlay-color":"","overlay-opacity":"","overlay-gradient":""}},"footnotes":""},"class_list":["post-2044","page","type-page","status-publish","hentry"],"yoast_head":"<!-- This site is optimized with the Yoast SEO plugin v27.1.1 - https:\/\/yoast.com\/product\/yoast-seo-wordpress\/ -->\n<title>Malteserwelpen zu verkaufen | Gesund &amp; Bereit<\/title>\n<meta name=\"description\" content=\"Entdecken Sie unsere Auswahl an Malteserwelpen. Tier\u00e4rztlich untersucht, geimpft und bereit f\u00fcr ein liebevolles Zuhause. Sicherer Kauf und Lieferung m\u00f6glich.\" \/>\n<meta name=\"robots\" content=\"index, follow, max-snippet:-1, max-image-preview:large, max-video-preview:-1\" \/>\n<link rel=\"canonical\" href=\"https:\/\/familiewelpenhaus.com\/pl\/maltezer-puppys-te-koop\/\" \/>\n<meta property=\"og:locale\" content=\"pl_PL\" \/>\n<meta property=\"og:type\" content=\"article\" \/>\n<meta property=\"og:title\" content=\"Malteserwelpen zu verkaufen | Gesund &amp; Bereit\" \/>\n<meta property=\"og:description\" content=\"Entdecken Sie unsere Auswahl an Malteserwelpen. Tier\u00e4rztlich untersucht, geimpft und bereit f\u00fcr ein liebevolles Zuhause. Sicherer Kauf und Lieferung m\u00f6glich.\" \/>\n<meta property=\"og:url\" content=\"https:\/\/familiewelpenhaus.com\/pl\/maltezer-puppys-te-koop\/\" \/>\n<meta property=\"og:site_name\" content=\"familiewelpenhaus\" \/>\n<meta property=\"article:modified_time\" content=\"2025-12-30T16:02:31+00:00\" \/>\n<meta property=\"og:image\" content=\"https:\/\/familiewelpenhaus.com\/wp-content\/uploads\/2025\/07\/maltese-5.jpg\" \/>\n\t<meta property=\"og:image:width\" content=\"1080\" \/>\n\t<meta property=\"og:image:height\" content=\"1080\" \/>\n\t<meta property=\"og:image:type\" content=\"image\/jpeg\" \/>\n<meta name=\"twitter:card\" content=\"summary_large_image\" \/>\n<meta name=\"twitter:label1\" content=\"Szacowany czas czytania\" \/>\n\t<meta name=\"twitter:data1\" content=\"3 minuty\" \/>\n<script type=\"application\/ld+json\" class=\"yoast-schema-graph\">{\"@context\":\"https:\/\/schema.org\",\"@graph\":[{\"@type\":\"WebPage\",\"@id\":\"https:\/\/familiewelpenhaus.com\/malteserwelpen-zu-verkaufen\/\",\"url\":\"https:\/\/familiewelpenhaus.com\/malteserwelpen-zu-verkaufen\/\",\"name\":\"Malteserwelpen zu verkaufen | Gesund & Bereit\",\"isPartOf\":{\"@id\":\"https:\/\/familiewelpenhaus.com\/#website\"},\"primaryImageOfPage\":{\"@id\":\"https:\/\/familiewelpenhaus.com\/malteserwelpen-zu-verkaufen\/#primaryimage\"},\"image\":{\"@id\":\"https:\/\/familiewelpenhaus.com\/malteserwelpen-zu-verkaufen\/#primaryimage\"},\"thumbnailUrl\":\"https:\/\/familiewelpenhaus.com\/wp-content\/uploads\/2025\/07\/maltese-5-1024x1024.jpg\",\"datePublished\":\"2025-07-11T23:29:53+00:00\",\"dateModified\":\"2025-12-30T16:02:31+00:00\",\"description\":\"Entdecken Sie unsere Auswahl an Malteserwelpen. Tier\u00e4rztlich untersucht, geimpft und bereit f\u00fcr ein liebevolles Zuhause. Sicherer Kauf und Lieferung m\u00f6glich.\",\"breadcrumb\":{\"@id\":\"https:\/\/familiewelpenhaus.com\/malteserwelpen-zu-verkaufen\/#breadcrumb\"},\"inLanguage\":\"pl-PL\",\"potentialAction\":[{\"@type\":\"ReadAction\",\"target\":[\"https:\/\/familiewelpenhaus.com\/malteserwelpen-zu-verkaufen\/\"]}]},{\"@type\":\"ImageObject\",\"inLanguage\":\"pl-PL\",\"@id\":\"https:\/\/familiewelpenhaus.com\/malteserwelpen-zu-verkaufen\/#primaryimage\",\"url\":\"https:\/\/familiewelpenhaus.com\/wp-content\/uploads\/2025\/07\/maltese-5-1024x1024.jpg\",\"contentUrl\":\"https:\/\/familiewelpenhaus.com\/wp-content\/uploads\/2025\/07\/maltese-5-1024x1024.jpg\"},{\"@type\":\"BreadcrumbList\",\"@id\":\"https:\/\/familiewelpenhaus.com\/malteserwelpen-zu-verkaufen\/#breadcrumb\",\"itemListElement\":[{\"@type\":\"ListItem\",\"position\":1,\"name\":\"Home\",\"item\":\"https:\/\/familiewelpenhaus.com\/\"},{\"@type\":\"ListItem\",\"position\":2,\"name\":\"Malteserwelpen zu verkaufen\"}]},{\"@type\":\"WebSite\",\"@id\":\"https:\/\/familiewelpenhaus.com\/#website\",\"url\":\"https:\/\/familiewelpenhaus.com\/\",\"name\":\"familiewelpenhaus\",\"description\":\"Kaufen Sie entz\u00fcckende Welpen online\",\"publisher\":{\"@id\":\"https:\/\/familiewelpenhaus.com\/#organization\"},\"potentialAction\":[{\"@type\":\"SearchAction\",\"target\":{\"@type\":\"EntryPoint\",\"urlTemplate\":\"https:\/\/familiewelpenhaus.com\/?s={search_term_string}\"},\"query-input\":{\"@type\":\"PropertyValueSpecification\",\"valueRequired\":true,\"valueName\":\"search_term_string\"}}],\"inLanguage\":\"pl-PL\"},{\"@type\":\"Organization\",\"@id\":\"https:\/\/familiewelpenhaus.com\/#organization\",\"name\":\"familiewelpenhaus\",\"url\":\"https:\/\/familiewelpenhaus.com\/\",\"logo\":{\"@type\":\"ImageObject\",\"inLanguage\":\"pl-PL\",\"@id\":\"https:\/\/familiewelpenhaus.com\/#\/schema\/logo\/image\/\",\"url\":\"https:\/\/familiewelpenhaus.com\/wp-content\/uploads\/2025\/07\/cropped-canvas.png\",\"contentUrl\":\"https:\/\/familiewelpenhaus.com\/wp-content\/uploads\/2025\/07\/cropped-canvas.png\",\"width\":676,\"height\":308,\"caption\":\"familiewelpenhaus\"},\"image\":{\"@id\":\"https:\/\/familiewelpenhaus.com\/#\/schema\/logo\/image\/\"}}]}<\/script>\n<!-- \/ Yoast SEO plugin. -->","yoast_head_json":{"title":"Szczeni\u0119ta malta\u0144czyka na sprzeda\u017c | Zdrowe i gotowe","description":"Odkryj nasz\u0105 ofert\u0119 szczeni\u0105t malta\u0144czyk\u00f3w. Przebadane weterynaryjnie, zaszczepione i gotowe na kochaj\u0105cy dom. Oferujemy bezpieczny zakup i dostaw\u0119.","robots":{"index":"index","follow":"follow","max-snippet":"max-snippet:-1","max-image-preview":"max-image-preview:large","max-video-preview":"max-video-preview:-1"},"canonical":"https:\/\/familiewelpenhaus.com\/pl\/maltezer-puppys-te-koop\/","og_locale":"pl_PL","og_type":"article","og_title":"Malteserwelpen zu verkaufen | Gesund & Bereit","og_description":"Entdecken Sie unsere Auswahl an Malteserwelpen. Tier\u00e4rztlich untersucht, geimpft und bereit f\u00fcr ein liebevolles Zuhause. Sicherer Kauf und Lieferung m\u00f6glich.","og_url":"https:\/\/familiewelpenhaus.com\/pl\/maltezer-puppys-te-koop\/","og_site_name":"familiewelpenhaus","article_modified_time":"2025-12-30T16:02:31+00:00","og_image":[{"width":1080,"height":1080,"url":"https:\/\/familiewelpenhaus.com\/wp-content\/uploads\/2025\/07\/maltese-5.jpg","type":"image\/jpeg"}],"twitter_card":"summary_large_image","twitter_misc":{"Szacowany czas czytania":"3 minuty"},"schema":{"@context":"https:\/\/schema.org","@graph":[{"@type":"WebPage","@id":"https:\/\/familiewelpenhaus.com\/malteserwelpen-zu-verkaufen\/","url":"https:\/\/familiewelpenhaus.com\/malteserwelpen-zu-verkaufen\/","name":"Szczeni\u0119ta malta\u0144czyka na sprzeda\u017c | Zdrowe i gotowe","isPartOf":{"@id":"https:\/\/familiewelpenhaus.com\/#website"},"primaryImageOfPage":{"@id":"https:\/\/familiewelpenhaus.com\/malteserwelpen-zu-verkaufen\/#primaryimage"},"image":{"@id":"https:\/\/familiewelpenhaus.com\/malteserwelpen-zu-verkaufen\/#primaryimage"},"thumbnailUrl":"https:\/\/familiewelpenhaus.com\/wp-content\/uploads\/2025\/07\/maltese-5-1024x1024.jpg","datePublished":"2025-07-11T23:29:53+00:00","dateModified":"2025-12-30T16:02:31+00:00","description":"Odkryj nasz\u0105 ofert\u0119 szczeni\u0105t malta\u0144czyk\u00f3w. Przebadane weterynaryjnie, zaszczepione i gotowe na kochaj\u0105cy dom. Oferujemy bezpieczny zakup i dostaw\u0119.","breadcrumb":{"@id":"https:\/\/familiewelpenhaus.com\/malteserwelpen-zu-verkaufen\/#breadcrumb"},"inLanguage":"pl-PL","potentialAction":[{"@type":"ReadAction","target":["https:\/\/familiewelpenhaus.com\/malteserwelpen-zu-verkaufen\/"]}]},{"@type":"ImageObject","inLanguage":"pl-PL","@id":"https:\/\/familiewelpenhaus.com\/malteserwelpen-zu-verkaufen\/#primaryimage","url":"https:\/\/familiewelpenhaus.com\/wp-content\/uploads\/2025\/07\/maltese-5-1024x1024.jpg","contentUrl":"https:\/\/familiewelpenhaus.com\/wp-content\/uploads\/2025\/07\/maltese-5-1024x1024.jpg"},{"@type":"BreadcrumbList","@id":"https:\/\/familiewelpenhaus.com\/malteserwelpen-zu-verkaufen\/#breadcrumb","itemListElement":[{"@type":"ListItem","position":1,"name":"Home","item":"https:\/\/familiewelpenhaus.com\/"},{"@type":"ListItem","position":2,"name":"Malteserwelpen zu verkaufen"}]},{"@type":"WebSite","@id":"https:\/\/familiewelpenhaus.com\/#website","url":"https:\/\/familiewelpenhaus.com\/","name":"familiewelpenhaus","description":"Kaufen Sie entz\u00fcckende Welpen online","publisher":{"@id":"https:\/\/familiewelpenhaus.com\/#organization"},"potentialAction":[{"@type":"SearchAction","target":{"@type":"EntryPoint","urlTemplate":"https:\/\/familiewelpenhaus.com\/?s={search_term_string}"},"query-input":{"@type":"PropertyValueSpecification","valueRequired":true,"valueName":"search_term_string"}}],"inLanguage":"pl-PL"},{"@type":"Organization","@id":"https:\/\/familiewelpenhaus.com\/#organization","name":"familiewelpenhaus","url":"https:\/\/familiewelpenhaus.com\/","logo":{"@type":"ImageObject","inLanguage":"pl-PL","@id":"https:\/\/familiewelpenhaus.com\/#\/schema\/logo\/image\/","url":"https:\/\/familiewelpenhaus.com\/wp-content\/uploads\/2025\/07\/cropped-canvas.png","contentUrl":"https:\/\/familiewelpenhaus.com\/wp-content\/uploads\/2025\/07\/cropped-canvas.png","width":676,"height":308,"caption":"familiewelpenhaus"},"image":{"@id":"https:\/\/familiewelpenhaus.com\/#\/schema\/logo\/image\/"}}]}},"_links":{"self":[{"href":"https:\/\/familiewelpenhaus.com\/pl\/wp-json\/wp\/v2\/pages\/2044","targetHints":{"allow":["GET"]}}],"collection":[{"href":"https:\/\/familiewelpenhaus.com\/pl\/wp-json\/wp\/v2\/pages"}],"about":[{"href":"https:\/\/familiewelpenhaus.com\/pl\/wp-json\/wp\/v2\/types\/page"}],"author":[{"embeddable":true,"href":"https:\/\/familiewelpenhaus.com\/pl\/wp-json\/wp\/v2\/users\/1"}],"replies":[{"embeddable":true,"href":"https:\/\/familiewelpenhaus.com\/pl\/wp-json\/wp\/v2\/comments?post=2044"}],"version-history":[{"count":37,"href":"https:\/\/familiewelpenhaus.com\/pl\/wp-json\/wp\/v2\/pages\/2044\/revisions"}],"predecessor-version":[{"id":2409,"href":"https:\/\/familiewelpenhaus.com\/pl\/wp-json\/wp\/v2\/pages\/2044\/revisions\/2409"}],"wp:attachment":[{"href":"https:\/\/familiewelpenhaus.com\/pl\/wp-json\/wp\/v2\/media?parent=2044"}],"curies":[{"name":"wp","href":"https:\/\/api.w.org\/{rel}","templated":true}]}}